{"id":469,"date":"2020-04-08T16:58:17","date_gmt":"2020-04-08T14:58:17","guid":{"rendered":"https:\/\/qv-riedernrain.ch\/?page_id=469"},"modified":"2024-09-03T15:13:20","modified_gmt":"2024-09-03T13:13:20","slug":"links-2","status":"publish","type":"page","link":"https:\/\/qv-riedernrain.ch\/index.php\/links-2\/","title":{"rendered":"Links"},"content":{"rendered":"<p>&nbsp;<\/p>\n<table style=\"width: 81.01%; height: 480px;\">\n<tbody>\n<tr style=\"height: 27px;\">\n<td style=\"width: 48.99%; height: 27px;\"><strong><span style=\"color: #000000; font-family: helvetica,arial,sans-serif;\">Quartier- und Begegnungszentren<\/span><\/strong><\/td>\n<td style=\"width: 53.76%; height: 27px;\"><strong><span style=\"color: #000000; font-family: helvetica,arial,sans-serif;\">Diverse Links<\/span><\/strong><\/td>\n<td style=\"width: 5.32%; height: 27px;\">&nbsp;<\/td>\n<\/tr>\n<tr>\n<td style=\"width: 48.99%;\"><span style=\"color: #000000; font-family: helvetica,arial,sans-serif;\">&nbsp;<\/span><\/td>\n<td style=\"width: 53.76%;\"><a href=\"https:\/\/www.ewb-solarrechner.ch\/\" target=\"_blank\" rel=\"noopener\"><span style=\"color: #000000; font-family: helvetica,arial,sans-serif;\">Solarrechner EWB&nbsp; <span style=\"color: #ff0000;\">NEU<\/span><\/span><\/a><\/td>\n<td style=\"width: 5.32%;\">&nbsp;<\/td>\n<\/tr>\n<tr style=\"height: 27px;\">\n<td style=\"width: 48.99%; height: 27px;\"><span style=\"color: #000000; font-family: helvetica,arial,sans-serif;\"><a style=\"color: #000000;\" href=\"http:\/\/vbgbern.ch\" target=\"_blank\" rel=\"noopener noreferrer\">Quartierarbeit Bern-West<\/a><\/span><\/td>\n<td style=\"width: 53.76%; height: 27px;\"><span style=\"color: #000000; font-family: helvetica,arial,sans-serif;\"><a style=\"color: #000000;\" href=\"http:\/\/qbb.ch\" target=\"_blank\" rel=\"noopener noreferrer\">Quartierkommission B\u00fcmpliz\/Bethlehem QBB<\/a><\/span><\/td>\n<td style=\"width: 5.32%; height: 27px;\">&nbsp;<\/td>\n<\/tr>\n<tr style=\"height: 75px;\">\n<td style=\"width: 48.99%; height: 75px;\"><span style=\"color: #000000; font-family: helvetica,arial,sans-serif;\"><a style=\"color: #000000;\" href=\"https:\/\/bienzgut.ch\/\" target=\"_blank\" rel=\"noopener noreferrer\">Begegnungszentrum Bienzgut<\/a><\/span><\/td>\n<td style=\"width: 53.76%; height: 75px;\"><span style=\"color: #000000; font-family: helvetica,arial,sans-serif;\"><a style=\"color: #000000;\" href=\"http:\/\/www.forumbethlehem.ch\/\" target=\"_blank\" rel=\"noopener noreferrer\">Forum Bethlehem&nbsp;<\/a><\/span><br \/>\n<span style=\"color: #000000; font-family: helvetica,arial,sans-serif;\">Pr\u00e4sidentenkonferenz der Bethlehemer Vereine<\/span><\/td>\n<td style=\"width: 5.32%; height: 75px;\">&nbsp;<\/td>\n<\/tr>\n<tr style=\"height: 27px;\">\n<td style=\"width: 48.99%; height: 27px;\"><span style=\"color: #000000; font-family: helvetica,arial,sans-serif;\"><a style=\"color: #000000;\" href=\"http:\/\/www.holenacker-verein.ch\/\" target=\"_blank\" rel=\"noopener noreferrer\">Quartierverein Holenacker<\/a><\/span><\/td>\n<td style=\"width: 53.76%; height: 27px;\"><span style=\"color: #000000; font-family: helvetica,arial,sans-serif;\"><a style=\"color: #000000;\" href=\"http:\/\/schulkreis-bethlehem.ch\" target=\"_blank\" rel=\"noopener noreferrer\">Schulkreis Bethlehem<\/a><\/span><\/td>\n<td style=\"width: 5.32%; height: 27px;\">&nbsp;<\/td>\n<\/tr>\n<tr style=\"height: 27px;\">\n<td style=\"width: 48.99%; height: 27px;\"><span style=\"color: #000000; font-family: helvetica,arial,sans-serif;\"><a style=\"color: #000000;\" href=\"http:\/\/www.gaebelbach.ch\" target=\"_blank\" rel=\"noopener noreferrer\">G\u00e4belbachverein<\/a><\/span><\/td>\n<td style=\"width: 53.76%; height: 27px;\"><span style=\"font-family: helvetica, arial, sans-serif;\"><a href=\"https:\/\/www.spartageskarte-gemeinde.ch\/de\" target=\"_blank\" rel=\"noopener\">Spartageskarten Gemeinde<\/a><\/span><\/td>\n<td style=\"width: 5.32%; height: 27px;\">&nbsp;<\/td>\n<\/tr>\n<tr style=\"height: 27px;\">\n<td style=\"width: 48.99%; height: 27px;\"><a href=\"http:\/\/qvbruennen.ch\" target=\"_blank\" rel=\"noopener noreferrer\"><span style=\"color: #000000; font-family: helvetica,arial,sans-serif;\">Quartierverein Br\u00fcnnen<\/span><\/a><\/td>\n<td style=\"width: 53.76%; height: 27px;\"><a href=\"http:\/\/bka.ch\" target=\"_blank\" rel=\"noopener noreferrer\"><span style=\"color: #000000; font-family: helvetica,arial,sans-serif;\">Berner Kulturagenda<\/span><\/a><\/td>\n<td style=\"width: 5.32%; height: 27px;\">&nbsp;<\/td>\n<\/tr>\n<tr style=\"height: 27px;\">\n<td style=\"width: 48.99%; height: 27px;\"><a href=\"http:\/\/www.tscharni.ch\" target=\"_blank\" rel=\"noopener noreferrer\"><span style=\"color: #000000; font-family: helvetica,arial,sans-serif;\">Quartierzentrum Tscharnergut<\/span><\/a><\/td>\n<td style=\"width: 53.76%; height: 27px;\"><span style=\"color: #000000;\"><a style=\"color: #000000;\" href=\"http:\/\/www.bern.ch\/entsorgung\"><span style=\"font-family: helvetica, arial, sans-serif;\">Entsorgungsinformationen<\/span><\/a><\/span><\/td>\n<td style=\"width: 5.32%; height: 27px;\">&nbsp;<\/td>\n<\/tr>\n<tr style=\"height: 27px;\">\n<td style=\"width: 48.99%; height: 27px;\"><a href=\"http:\/\/www.treffuntermatt.ch\" target=\"_blank\" rel=\"noopener noreferrer\"><span style=\"color: #000000; font-family: helvetica,arial,sans-serif;\">Treff Untermatt<\/span><\/a><\/td>\n<td style=\"width: 53.76%; height: 27px;\"><a href=\"https:\/\/www.siedlungen-buempliz.ch\/\"><span style=\"font-family: helvetica, arial, sans-serif; color: #000000;\">Siedlungen B\u00fcmpliz-Bethlehem<\/span><\/a><\/td>\n<td style=\"width: 5.32%; height: 27px;\">&nbsp;<\/td>\n<\/tr>\n<tr>\n<td style=\"width: 48.99%;\"><span style=\"color: #000000; font-family: helvetica,arial,sans-serif;\"><a style=\"color: #000000;\" href=\"http:\/\/www.vbbb.ch\">Verein f\u00fcr die Betreuung Betagter in B\u00fcmpliz<\/a><\/span><\/td>\n<td style=\"width: 53.76%;\"><a href=\"http:\/\/www.b\u00fcmpliz.ch\"><span style=\"font-family: helvetica,arial,sans-serif;\">Alles rund um Bern West<\/span><\/a><\/td>\n<td style=\"width: 5.32%;\">&nbsp;<\/td>\n<\/tr>\n<tr style=\"height: 27px;\">\n<td style=\"width: 48.99%; height: 27px;\"><a href=\"http:\/\/www.muetterzentrum-bern-west.ch\" target=\"_blank\" rel=\"noopener noreferrer\"><span style=\"color: #000000; font-family: helvetica,arial,sans-serif;\">M\u00fctterzentrum Bern-West<\/span><\/a><\/td>\n<td style=\"width: 53.76%; height: 27px;\"><span style=\"font-family: helvetica, arial, sans-serif;\"><a href=\"https:\/\/www.schutz-vor-naturgefahren.ch\/bauherr.html\" target=\"_blank\" rel=\"noopener\">Schutz vor Naturgefahren<\/a><\/span><\/td>\n<td style=\"width: 5.32%; height: 27px;\">&nbsp;<\/td>\n<\/tr>\n<tr style=\"height: 27px;\">\n<td style=\"width: 48.99%; height: 27px;\"><a href=\"http:\/\/www.haus-der-religionen.ch\" target=\"_blank\" rel=\"noopener noreferrer\"><span style=\"color: #000000; font-family: helvetica,arial,sans-serif;\">Haus der Religionen<\/span><\/a><\/td>\n<td style=\"width: 53.76%; height: 27px;\"><strong><span style=\"font-family: helvetica,arial,sans-serif;\">Restaurants<\/span><\/strong><\/td>\n<td style=\"width: 5.32%; height: 27px;\">&nbsp;<\/td>\n<\/tr>\n<tr style=\"height: 27px;\">\n<td style=\"width: 48.99%; height: 27px;\"><a href=\"http:\/\/www.bethlehem.refbern.ch\" target=\"_blank\" rel=\"noopener noreferrer\"><span style=\"color: #000000; font-family: helvetica,arial,sans-serif;\">Reformierte Kirche Bethlehem<\/span><\/a><\/td>\n<td style=\"width: 53.76%; height: 27px;\"><span style=\"color: #000000; font-family: helvetica,arial,sans-serif; font-size: 12pt;\"><a style=\"color: #000000;\" href=\"https:\/\/www.piazzabern.ch\/\" target=\"_blank\" rel=\"noopener noreferrer\">Ristorante Pizzeria<\/a><\/span><a href=\"https:\/\/www.piazzabern.ch\/\" target=\"_blank\" rel=\"noopener noreferrer\"><span style=\"color: #000000; font-family: helvetica,arial,sans-serif; font-size: 12pt;\"> PIAZZA<\/span><\/a><\/td>\n<td style=\"width: 5.32%; height: 27px;\">&nbsp;<\/td>\n<\/tr>\n<tr style=\"height: 27px;\">\n<td style=\"width: 48.99%; height: 27px;\"><a href=\"http:\/\/www.kathbern.c\" target=\"_blank\" rel=\"noopener noreferrer\"><span style=\"color: #000000; font-family: helvetica,arial,sans-serif;\">Katholische Kirche Bethlehem<\/span><\/a><\/td>\n<td style=\"width: 53.76%; height: 27px;\">&nbsp;<\/td>\n<td style=\"width: 5.32%; height: 27px;\">&nbsp;<\/td>\n<\/tr>\n<tr style=\"height: 27px;\">\n<td style=\"width: 48.99%; height: 27px;\"><a href=\"http:\/\/www.ortsarchiv-buempliz.ch\" target=\"_blank\" rel=\"noopener noreferrer\"><span style=\"font-family: helvetica,arial,sans-serif;\"><span style=\"color: #000000;\">Ortsarchiv<\/span> <span style=\"color: #000000;\">B\u00fcmpliz<\/span><\/span><\/a><\/td>\n<td style=\"width: 53.76%; height: 27px;\"><strong><span style=\"font-family: helvetica,arial,sans-serif;\">Hotels<\/span><\/strong><\/td>\n<td style=\"width: 5.32%; height: 27px;\">&nbsp;<\/td>\n<\/tr>\n<tr style=\"height: 27px;\">\n<td style=\"width: 48.99%; height: 27px;\">&nbsp;<\/td>\n<td style=\"width: 53.76%; height: 27px;\"><span style=\"color: #000000; font-family: helvetica,arial,sans-serif;\"><a style=\"color: #000000;\" href=\"https:\/\/www.ihg.com\/holidayinn\/hotels\/de\/de\/bern\/apysz\/hoteldetail\" target=\"_blank\" rel=\"noopener noreferrer\">Holiday Inn Bern-Westside<\/a><\/span><\/td>\n<td style=\"width: 5.32%; height: 27px;\">&nbsp;<\/td>\n<\/tr>\n<tr style=\"height: 27px;\">\n<td style=\"width: 48.99%; height: 27px;\">&nbsp;<\/td>\n<td style=\"width: 53.76%; height: 27px;\">&nbsp;<\/td>\n<td style=\"width: 5.32%; height: 27px;\">&nbsp;<\/td>\n<\/tr>\n<tr style=\"height: 27px;\">\n<td style=\"width: 48.99%; height: 27px;\">&nbsp;<\/td>\n<td style=\"width: 53.76%; height: 27px;\">&nbsp;<\/td>\n<td style=\"width: 5.32%; height: 27px;\">&nbsp;<\/td>\n<\/tr>\n<\/tbody>\n<\/table>\n<div class=\"pvc_clear\"><\/div>\n<p id=\"pvc_stats_469\" class=\"pvc_stats all  \" data-element-id=\"469\" style=\"\"><i class=\"pvc-stats-icon small\" aria-hidden=\"true\"><svg xmlns=\"http:\/\/www.w3.org\/2000\/svg\" version=\"1.0\" viewBox=\"0 0 502 315\" preserveAspectRatio=\"xMidYMid meet\"><g transform=\"translate(0,332) scale(0.1,-0.1)\" fill=\"\" stroke=\"none\"><path d=\"M2394 3279 l-29 -30 -3 -207 c-2 -182 0 -211 15 -242 39 -76 157 -76 196 0 15 31 17 60 15 243 l-3 209 -33 29 c-26 23 -41 29 -80 29 -41 0 -53 -5 -78 -31z\"\/><path d=\"M3085 3251 c-45 -19 -58 -50 -96 -229 -47 -217 -49 -260 -13 -295 52 -53 146 -42 177 20 16 31 87 366 87 410 0 70 -86 122 -155 94z\"\/><path d=\"M1751 3234 c-13 -9 -29 -31 -37 -50 -12 -29 -10 -49 21 -204 19 -94 39 -189 45 -210 14 -50 54 -80 110 -80 34 0 48 6 76 34 21 21 34 44 34 59 0 14 -18 113 -40 219 -37 178 -43 195 -70 221 -36 32 -101 37 -139 11z\"\/><path d=\"M1163 3073 c-36 -7 -73 -59 -73 -102 0 -56 133 -378 171 -413 34 -32 83 -37 129 -13 70 36 67 87 -16 290 -86 209 -89 214 -129 231 -35 14 -42 15 -82 7z\"\/><path d=\"M3689 3066 c-15 -9 -33 -30 -42 -48 -48 -103 -147 -355 -147 -375 0 -98 131 -148 192 -74 13 15 57 108 97 206 80 196 84 226 37 273 -30 30 -99 39 -137 18z\"\/><path d=\"M583 2784 c-38 -19 -67 -74 -58 -113 9 -42 211 -354 242 -373 16 -10 45 -18 66 -18 51 0 107 52 107 100 0 39 -1 41 -124 234 -80 126 -108 162 -133 173 -41 17 -61 16 -100 -3z\"\/><path d=\"M4250 2784 c-14 -9 -74 -91 -133 -183 -95 -150 -107 -173 -107 -213 0 -55 33 -94 87 -104 67 -13 90 8 211 198 130 202 137 225 78 284 -27 27 -42 34 -72 34 -22 0 -50 -8 -64 -16z\"\/><path d=\"M2275 2693 c-553 -48 -1095 -270 -1585 -649 -135 -104 -459 -423 -483 -476 -23 -49 -22 -139 2 -186 73 -142 361 -457 571 -626 285 -228 642 -407 990 -497 242 -63 336 -73 660 -74 310 0 370 5 595 52 535 111 1045 392 1455 803 122 121 250 273 275 326 19 41 19 137 0 174 -41 79 -309 363 -465 492 -447 370 -946 591 -1479 653 -113 14 -422 18 -536 8z m395 -428 c171 -34 330 -124 456 -258 112 -119 167 -219 211 -378 27 -96 24 -300 -5 -401 -72 -255 -236 -447 -474 -557 -132 -62 -201 -76 -368 -76 -167 0 -236 14 -368 76 -213 98 -373 271 -451 485 -162 444 86 934 547 1084 153 49 292 57 452 25z m909 -232 c222 -123 408 -262 593 -441 76 -74 138 -139 138 -144 0 -16 -233 -242 -330 -319 -155 -123 -309 -223 -461 -299 l-81 -41 32 46 c18 26 49 83 70 128 143 306 141 649 -6 957 -25 52 -61 116 -79 142 l-34 47 45 -20 c26 -10 76 -36 113 -56z m-2057 25 c-40 -58 -105 -190 -130 -263 -110 -324 -59 -707 132 -981 25 -35 42 -64 37 -64 -19 0 -241 119 -326 174 -188 122 -406 314 -532 468 l-58 71 108 103 c185 178 428 349 672 473 66 33 121 60 123 61 2 0 -10 -19 -26 -42z\"\/><path d=\"M2375 1950 c-198 -44 -350 -190 -395 -379 -18 -76 -8 -221 19 -290 114 -284 457 -406 731 -260 98 52 188 154 231 260 27 69 37 214 19 290 -38 163 -166 304 -326 360 -67 23 -215 33 -279 19z\"\/><\/g><\/svg><\/i> <img decoding=\"async\" width=\"16\" height=\"16\" alt=\"Loading\" src=\"https:\/\/qv-riedernrain.ch\/wp-content\/plugins\/page-views-count\/ajax-loader-2x.gif\" border=0 \/><\/p>\n<div class=\"pvc_clear\"><\/div>\n","protected":false},"excerpt":{"rendered":"<p>&nbsp; Quartier- und Begegnungszentren Diverse Links &nbsp; &nbsp; Solarrechner EWB&nbsp; NEU &nbsp; Quartierarbeit Bern-West Quartierkommission B\u00fcmpliz\/Bethlehem QBB &nbsp; Begegnungszentrum Bienzgut Forum Bethlehem&nbsp; Pr\u00e4sidentenkonferenz der Bethlehemer Vereine &nbsp; Quartierverein Holenacker Schulkreis Bethlehem &nbsp; G\u00e4belbachverein Spartageskarten Gemeinde &nbsp; Quartierverein Br\u00fcnnen Berner Kulturagenda &nbsp; Quartierzentrum Tscharnergut Entsorgungsinformationen &nbsp; Treff Untermatt Siedlungen B\u00fcmpliz-Bethlehem &nbsp; Verein f\u00fcr die Betreuung Betagter [&hellip;]<\/p>\n<div class=\"pvc_clear\"><\/div>\n<p id=\"pvc_stats_469\" class=\"pvc_stats all  \" data-element-id=\"469\" style=\"\"><i class=\"pvc-stats-icon small\" aria-hidden=\"true\"><svg xmlns=\"http:\/\/www.w3.org\/2000\/svg\" version=\"1.0\" viewBox=\"0 0 502 315\" preserveAspectRatio=\"xMidYMid meet\"><g transform=\"translate(0,332) scale(0.1,-0.1)\" fill=\"\" stroke=\"none\"><path d=\"M2394 3279 l-29 -30 -3 -207 c-2 -182 0 -211 15 -242 39 -76 157 -76 196 0 15 31 17 60 15 243 l-3 209 -33 29 c-26 23 -41 29 -80 29 -41 0 -53 -5 -78 -31z\"\/><path d=\"M3085 3251 c-45 -19 -58 -50 -96 -229 -47 -217 -49 -260 -13 -295 52 -53 146 -42 177 20 16 31 87 366 87 410 0 70 -86 122 -155 94z\"\/><path d=\"M1751 3234 c-13 -9 -29 -31 -37 -50 -12 -29 -10 -49 21 -204 19 -94 39 -189 45 -210 14 -50 54 -80 110 -80 34 0 48 6 76 34 21 21 34 44 34 59 0 14 -18 113 -40 219 -37 178 -43 195 -70 221 -36 32 -101 37 -139 11z\"\/><path d=\"M1163 3073 c-36 -7 -73 -59 -73 -102 0 -56 133 -378 171 -413 34 -32 83 -37 129 -13 70 36 67 87 -16 290 -86 209 -89 214 -129 231 -35 14 -42 15 -82 7z\"\/><path d=\"M3689 3066 c-15 -9 -33 -30 -42 -48 -48 -103 -147 -355 -147 -375 0 -98 131 -148 192 -74 13 15 57 108 97 206 80 196 84 226 37 273 -30 30 -99 39 -137 18z\"\/><path d=\"M583 2784 c-38 -19 -67 -74 -58 -113 9 -42 211 -354 242 -373 16 -10 45 -18 66 -18 51 0 107 52 107 100 0 39 -1 41 -124 234 -80 126 -108 162 -133 173 -41 17 -61 16 -100 -3z\"\/><path d=\"M4250 2784 c-14 -9 -74 -91 -133 -183 -95 -150 -107 -173 -107 -213 0 -55 33 -94 87 -104 67 -13 90 8 211 198 130 202 137 225 78 284 -27 27 -42 34 -72 34 -22 0 -50 -8 -64 -16z\"\/><path d=\"M2275 2693 c-553 -48 -1095 -270 -1585 -649 -135 -104 -459 -423 -483 -476 -23 -49 -22 -139 2 -186 73 -142 361 -457 571 -626 285 -228 642 -407 990 -497 242 -63 336 -73 660 -74 310 0 370 5 595 52 535 111 1045 392 1455 803 122 121 250 273 275 326 19 41 19 137 0 174 -41 79 -309 363 -465 492 -447 370 -946 591 -1479 653 -113 14 -422 18 -536 8z m395 -428 c171 -34 330 -124 456 -258 112 -119 167 -219 211 -378 27 -96 24 -300 -5 -401 -72 -255 -236 -447 -474 -557 -132 -62 -201 -76 -368 -76 -167 0 -236 14 -368 76 -213 98 -373 271 -451 485 -162 444 86 934 547 1084 153 49 292 57 452 25z m909 -232 c222 -123 408 -262 593 -441 76 -74 138 -139 138 -144 0 -16 -233 -242 -330 -319 -155 -123 -309 -223 -461 -299 l-81 -41 32 46 c18 26 49 83 70 128 143 306 141 649 -6 957 -25 52 -61 116 -79 142 l-34 47 45 -20 c26 -10 76 -36 113 -56z m-2057 25 c-40 -58 -105 -190 -130 -263 -110 -324 -59 -707 132 -981 25 -35 42 -64 37 -64 -19 0 -241 119 -326 174 -188 122 -406 314 -532 468 l-58 71 108 103 c185 178 428 349 672 473 66 33 121 60 123 61 2 0 -10 -19 -26 -42z\"\/><path d=\"M2375 1950 c-198 -44 -350 -190 -395 -379 -18 -76 -8 -221 19 -290 114 -284 457 -406 731 -260 98 52 188 154 231 260 27 69 37 214 19 290 -38 163 -166 304 -326 360 -67 23 -215 33 -279 19z\"\/><\/g><\/svg><\/i> <img decoding=\"async\" width=\"16\" height=\"16\" alt=\"Loading\" src=\"https:\/\/qv-riedernrain.ch\/wp-content\/plugins\/page-views-count\/ajax-loader-2x.gif\" border=0 \/><\/p>\n<div class=\"pvc_clear\"><\/div>\n","protected":false},"author":3,"featured_media":0,"parent":0,"menu_order":0,"comment_status":"closed","ping_status":"closed","template":"","meta":{"_crdt_document":"","ngg_post_thumbnail":0,"footnotes":""},"class_list":["post-469","page","type-page","status-publish","hentry"],"a3_pvc":{"activated":true,"total_views":1951,"today_views":0},"_links":{"self":[{"href":"https:\/\/qv-riedernrain.ch\/index.php\/wp-json\/wp\/v2\/pages\/469","targetHints":{"allow":["GET"]}}],"collection":[{"href":"https:\/\/qv-riedernrain.ch\/index.php\/wp-json\/wp\/v2\/pages"}],"about":[{"href":"https:\/\/qv-riedernrain.ch\/index.php\/wp-json\/wp\/v2\/types\/page"}],"author":[{"embeddable":true,"href":"https:\/\/qv-riedernrain.ch\/index.php\/wp-json\/wp\/v2\/users\/3"}],"replies":[{"embeddable":true,"href":"https:\/\/qv-riedernrain.ch\/index.php\/wp-json\/wp\/v2\/comments?post=469"}],"version-history":[{"count":28,"href":"https:\/\/qv-riedernrain.ch\/index.php\/wp-json\/wp\/v2\/pages\/469\/revisions"}],"predecessor-version":[{"id":1715,"href":"https:\/\/qv-riedernrain.ch\/index.php\/wp-json\/wp\/v2\/pages\/469\/revisions\/1715"}],"wp:attachment":[{"href":"https:\/\/qv-riedernrain.ch\/index.php\/wp-json\/wp\/v2\/media?parent=469"}],"curies":[{"name":"wp","href":"https:\/\/api.w.org\/{rel}","templated":true}]}}