{"id":560,"date":"2020-04-22T22:41:44","date_gmt":"2020-04-22T20:41:44","guid":{"rendered":"https:\/\/qv-riedernrain.ch\/?page_id=560"},"modified":"2025-09-05T11:42:36","modified_gmt":"2025-09-05T09:42:36","slug":"dokumente","status":"publish","type":"page","link":"https:\/\/qv-riedernrain.ch\/index.php\/siedlung-2\/dokumente\/","title":{"rendered":"Dokumente"},"content":{"rendered":"<p><span style=\"font-family: helvetica, arial, sans-serif;\"><strong>Dokument zum \u00d6ffnen anklicken<\/strong><\/span><\/p>\n<p><span style=\"font-size: 12pt; font-family: helvetica, arial, sans-serif; color: #000000;\"><a style=\"color: #000000;\" href=\"https:\/\/qv-riedernrain.ch\/wp-content\/uploads\/2020\/04\/Infoblatt_Riedernrain.pdf\">Informationsblatt Riedernrain<\/a><br \/>\n<a style=\"color: #000000;\" href=\"https:\/\/qv-riedernrain.ch\/wp-content\/uploads\/2025\/02\/Ansprechpersonen_Riedernrain_aktuell.pdf\" target=\"_blank\" rel=\"noopener\">Ansprechpersonen Riedernrain <\/a>aktualisiert 11.02.2025<br \/>\n<a style=\"color: #000000;\" href=\"https:\/\/qv-riedernrain.ch\/wp-content\/uploads\/2020\/04\/Riedernrain_Plan.pdf\">Plan Riedernrain<\/a><br \/>\n<a style=\"color: #000000;\" href=\"https:\/\/qv-riedernrain.ch\/wp-content\/uploads\/2023\/05\/Merkblatt_Riedernrain_April_2023.pdf\" target=\"_blank\" rel=\"noopener\">Merkblatt Riedernrain<\/a>&nbsp; Stand April 2023<br \/>\n<a style=\"color: #000000;\" href=\"https:\/\/qv-riedernrain.ch\/wp-content\/uploads\/2024\/05\/Leitfaden-E-Mobilitaet-Riedernrain-Dokument.pdf\" target=\"_blank\" rel=\"noopener\">Leitfaden E-Mobilit\u00e4t<\/a><br \/>\n<a style=\"color: #000000;\" href=\"https:\/\/qv-riedernrain.ch\/wp-content\/uploads\/2025\/09\/Riedernrain_Aemtliliste_aktuell-1.pdf\">\u00c4mtliliste Riedernrain Stand 5.9.2025<\/a><\/span><br \/>\n<span style=\"font-family: helvetica, arial, sans-serif; font-size: 12pt; color: #000000;\"><a style=\"color: #000000;\" href=\"https:\/\/qv-riedernrain.ch\/wp-content\/uploads\/2021\/04\/Umgebungsarbeiten_RR_Zeitabrechnung_ausfuellbar.pdf\" target=\"_blank\" rel=\"noopener\">Zeitabrechnungsformular PDF ausf\u00fcllbar<\/a><br \/>\n<a style=\"color: #000000;\" href=\"https:\/\/qv-riedernrain.ch\/wp-content\/uploads\/2021\/04\/Umgebungsarbeiten_RR_Zeitabrechnung.xls\" target=\"_blank\" rel=\"noopener\">Zeitabrechnungsformular EXCEL<\/a><\/span><\/p>\n<p><span style=\"font-family: helvetica, arial, sans-serif; font-size: 12pt; color: #000000;\"><a style=\"color: #000000;\" href=\"https:\/\/qv-riedernrain.ch\/wp-content\/uploads\/2021\/05\/4.00-Nutzungs-und-Verwaltungsordnung-Gemeinschaftsparzelle.pdf\">Nutzungs- und Verwaltungsordnung Gem. parzelle 4031<\/a><\/span><\/p>\n<p><span style=\"font-size: 12pt; font-family: helvetica, arial, sans-serif; color: #000000;\"><a style=\"color: #000000;\" href=\"https:\/\/qv-riedernrain.ch\/wp-content\/uploads\/2022\/04\/7.00-Nutzungs-und-Verwaltungsordnung-Heizungsanlage.pdf\" target=\"_blank\" rel=\"noopener\">Nutzungs- und Verwaltungsordnung Heizungsanlage, Nr. 4897<\/a><\/span><\/p>\n<p><span style=\"font-size: 12pt; font-family: helvetica, arial, sans-serif; color: #000000;\"><a style=\"color: #000000;\" href=\"https:\/\/qv-riedernrain.ch\/wp-content\/uploads\/2022\/04\/7.02-Anhang-Verteilerliste.pdf\" target=\"_blank\" rel=\"noopener\">Anhang Verteilerliste zu Nutzungs- und Verwaltungsordnungen<\/a><\/span><\/p>\n<p><span style=\"font-size: 12pt; font-family: helvetica, arial, sans-serif; color: #000000;\"><a style=\"color: #000000;\" href=\"https:\/\/qv-riedernrain.ch\/wp-content\/uploads\/2022\/11\/Riedernrain_Heizung_Abstellventile.pdf\" target=\"_blank\" rel=\"noopener\">Liste der Heizungs-Absperrventile &#8211; Etappe 1 und 2<\/a><\/span><\/p>\n<p><span style=\"font-size: 12pt; font-family: helvetica, arial, sans-serif; color: #000000;\"><a style=\"color: #000000;\" href=\"https:\/\/qv-riedernrain.ch\/wp-content\/uploads\/2023\/05\/Riedernrain_Liste_Planarchiv.pdf\" target=\"_blank\" rel=\"noopener\">Liste Planarchiv Sanit\u00e4r, Kanalisation, Keller, Elektro, Heizung<\/a><\/span><\/p>\n<p>&nbsp;<\/p>\n<p><strong><span style=\"font-family: helvetica, arial, sans-serif; font-size: 14pt;\">Dokumente aus der Bauzeit<\/span><\/strong><\/p>\n<p><span style=\"font-family: helvetica,arial,sans-serif;\"><a href=\"https:\/\/qv-riedernrain.ch\/wp-content\/uploads\/2020\/05\/Riedernrain_Baubeschrieb_Etappe_3_1985.pdf\">Riedernrain_Baubeschrieb_Etappe_3_1985<\/a><br \/>\n<\/span><span style=\"font-family: helvetica,arial,sans-serif;\"><a href=\"https:\/\/qv-riedernrain.ch\/wp-content\/uploads\/2021\/04\/Unternehmenverzeichnis_1983_Etappe-3.pdf\">Riedernrain_Unternehmerverzeichnis_1983_Etappe_3<\/a><br \/>\n<\/span><span style=\"font-family: helvetica,arial,sans-serif;\"><a href=\"https:\/\/qv-riedernrain.ch\/wp-content\/uploads\/2020\/05\/Bauinventar_Riedernrain.pdf\">Bauinventar_Riedernrain<\/a><br \/>\n<\/span><span style=\"font-family: helvetica,arial,sans-serif;\"><a href=\"https:\/\/qv-riedernrain.ch\/wp-content\/uploads\/2020\/05\/Riedernrain_Sonderbauvorschriften_1974.pdf\">Riedernrain_Sonderbauvorschriften_1974<\/a><br \/>\n<\/span><span style=\"font-family: helvetica,arial,sans-serif;\"><a href=\"https:\/\/qv-riedernrain.ch\/wp-content\/uploads\/2020\/05\/Riedernrain_Sonderbauvorschriften_Plan_1974.pdf\">Riedernrain_Sonderbauvorschriften_Plan_1974<\/a><\/span><\/p>\n<p><strong><span style=\"font-family: helvetica, arial, sans-serif; font-size: 14pt;\"><span style=\"color: #ff0000;\"><a style=\"color: #ff0000;\" href=\"https:\/\/qv-riedernrain.ch\/wp-content\/uploads\/2023\/06\/BKE-3-Buempliz_Riedernrain-extrahiert.pdf\" target=\"_blank\" rel=\"noopener\"><span style=\"font-family: helvetica, arial, sans-serif;\">Siedlung Riedernrain im &#8222;Bau Kultur Erbe&#8220; Band 3 &#8211; Berner Heimatschutz<\/span><\/a><br \/>\n<\/span><a href=\"https:\/\/www.bau-kultur-erbe.ch\/fuumlhrer-bestellen.html\" target=\"_blank\" rel=\"noopener\">LINK f\u00fcr Band-Bestellung &#8211; Fr. 20<\/a><\/span><\/strong><\/p>\n<p><strong><span style=\"font-family: helvetica, arial, sans-serif; font-size: 14pt;\">Unternehmerliste aktuell<\/span><\/strong><\/p>\n<p><span style=\"font-family: helvetica, arial, sans-serif; font-size: 12pt;\">Aare Dach AG, 3066 Stettlen &#8211; <a href=\"http:\/\/www.aaredach.ch\" target=\"_blank\" rel=\"noopener\">www.aaredach.ch<\/a><\/span><\/p>\n<p><span style=\"font-family: helvetica, arial, sans-serif; font-size: 12pt;\">Allemann AG Flachdach, 3052 Zollikofen &#8211; <a href=\"www.allemannag.ch\" target=\"_blank\" rel=\"noopener\">www.allemannag.ch<\/a><\/span><\/p>\n<p><span style=\"font-family: helvetica, arial, sans-serif; font-size: 12pt;\">Bauert AG, Gartenbau, 3027 Bern &#8211; <a href=\"http:\/\/www.bauertag.ch\">www.bauertag.ch<\/a><\/span><\/p>\n<p><span style=\"font-family: helvetica, arial, sans-serif; font-size: 12pt;\">Bautro AG, Bautrocknung, 3048 Worblaufen &#8211; <a href=\"http:\/\/www.bautro.ch\">www.bautro.ch<\/a><\/span><\/p>\n<p><span style=\"font-family: helvetica, arial, sans-serif; font-size: 12pt;\">Elektro Gerber AG, 3054 Sch\u00fcpfen &#8211; <a href=\"http:\/\/www.elektro-gerber-schuepfen.ch\">www.elektro-gerber-schuepfen.ch<\/a><\/span><\/p>\n<p><span style=\"font-family: helvetica, arial, sans-serif;\">Growe-Siegenthaler AG, 3645 Gwatt &#8211;&nbsp;<a href=\"http:\/\/www.gs-dach.ch\" target=\"_blank\" rel=\"noopener\">http:\/\/www.gs-dach.ch<\/a><\/span><\/p>\n<p><span style=\"font-family: helvetica, arial, sans-serif;\">HAZA Schliesstechnik AG, 3027 Bern &#8211;&nbsp;<a href=\"http:\/\/www.haza.ch\" target=\"_blank\" rel=\"noopener\">http:\/\/www.haza.ch<\/a><\/span><br \/>\n<span style=\"font-family: helvetica, arial, sans-serif;\">24-Stunden Notfall- und Aufsperrdienst Tel. 031 301 25 23<\/span><\/p>\n<p><span style=\"font-family: helvetica, arial, sans-serif; font-size: 12pt;\">Kobel AG, Baugesch\u00e4ft, 3027 Bern &#8211; <a href=\"http:\/\/www.kobel-ag.ch\">www.kobel-ag.ch<\/a><\/span><\/p>\n<p><span style=\"font-family: helvetica, arial, sans-serif;\">Kuster G\u00e4rten AG, 3203 M\u00fchleberg &#8211;&nbsp;<a href=\"http:\/\/www.kuster-gaerten.ch\" target=\"_blank\" rel=\"noopener\">http:\/\/www.kuster-gaerten.ch<\/a><\/span><\/p>\n<p><span style=\"font-family: helvetica, arial, sans-serif; font-size: 12pt;\">Schreinerei Bieri GmbH, 3019 Bern &#8211; <a title=\"www.bierigmbh.ch\" href=\"http:\/\/www.bierigmbh.ch\/\" target=\"_blank\" rel=\"noopener\">www.bierigmbh.ch<\/a><\/span><\/p>\n<p><span style=\"font-family: helvetica, arial, sans-serif; font-size: 12pt;\">Pl\u00fcss Haustechnik AG, 3027 Bern &#8211; &nbsp;<a href=\"http:\/\/www.pluess-haustechnik.ch\">www.pluess-haustechnik.ch<\/a><\/span><\/p>\n<p><span style=\"font-family: helvetica, arial, sans-serif;\">Ramseyer und Dilger AG, 3006 Bern &#8211;&nbsp;<a href=\"http:\/\/www.ramseyer-dilger.ch\">http:\/\/www.ramseyer-dilger.ch<\/a><\/span><\/p>\n<p><strong><span style=\"font-family: helvetica,arial,sans-serif;\"><span style=\"font-size: 14pt; color: #000000;\"><br \/>\n<a style=\"color: #000000;\" href=\"https:\/\/www.bern.ch\/politik-und-verwaltung\/stadtverwaltung\/sue\/bauinspektorat\/gesetzliche-grundlagen-v2\/detaillierte-gesetzliche-grundlagen\">LINK auf gesetzliche Grundlagen f\u00fcr Bauprojekte (anklicken)<\/a><\/span><br \/>\n<\/span><\/strong><span style=\"font-family: helvetica,arial,sans-serif;\">Wird etwas, das von aussen sichtbar ist, ersetzt oder ausgewechselt oder werden \u00c4nderungen angebracht, schreibt der Art. 1a des Baugesetztes Kanton Bern das <strong>Baubewilligungsverfahren<\/strong> vor. Die Konstruktion unserer Siedlung ist umst\u00e4ndlich und kompliziert, d.h. viele Eigent\u00fcmer wohnen gar nicht auf ihrem eigenen Boden. Das Baubewilligungsverfahren will sicherstellen, dass das \u00f6ffentliche Recht der betroffenen Nachbarn eingehalten wird. Wenn ein Projekt gut dokumentiert ist, d.h. Parzellenangaben und die Zustimmung aller betroffenen Nachbarn vorliegt, ist die Bewilligung ohne grosse Umtriebe zu erhalten. Diese Angaben gelten auch f\u00fcr den Ersatz bzw. Austausch von <strong>Terrassenw\u00e4nden<\/strong>.<br \/>\nKontaktadresse:&nbsp;<br \/>\nBauinspektorat Stadt Bern, Bundesgasse 38, 3001 Bern<br \/>\nAktueller Sachbearbeiter Herr Daniel Seiler, Tel. 031 321 65 61 &#8211; daniel.seiler@bern.ch<\/span><\/p>\n<p><span style=\"font-size: 14pt;\"><strong><span style=\"font-family: helvetica,arial,sans-serif;\"><br \/>\nDiverses<\/span><\/strong><\/span><\/p>\n<p><strong><span style=\"font-family: helvetica,arial,sans-serif;\"><a href=\"http:\/\/www.be.ch\/oerebviewer\">LINK auf Kataster der \u00f6ffentlich-rechtlichen Eigentumsbeschr\u00e4nkungen<\/a><\/span><\/strong><\/p>\n<p><a href=\"http:\/\/www.bern.ch\/stadtplan\" target=\"_blank\" rel=\"noopener noreferrer\"><span style=\"font-family: helvetica, arial, sans-serif;\">LINK Luftaufnahmen Stadt Bern<\/span><\/a><\/p>\n<p><span style=\"font-family: helvetica, arial, sans-serif;\"><a href=\"http:\/\/www.schutz-vor-naturgefahren.ch\" target=\"_blank\" rel=\"noopener\">LINK Risikocheck f\u00fcr Immobilien (Schutz vor Naturgefahren)<\/a><\/span><\/p>\n<p>&nbsp;<\/p>\n<div class=\"pvc_clear\"><\/div>\n<p id=\"pvc_stats_560\" class=\"pvc_stats all  \" data-element-id=\"560\" style=\"\"><i class=\"pvc-stats-icon small\" aria-hidden=\"true\"><svg xmlns=\"http:\/\/www.w3.org\/2000\/svg\" version=\"1.0\" viewBox=\"0 0 502 315\" preserveAspectRatio=\"xMidYMid meet\"><g transform=\"translate(0,332) scale(0.1,-0.1)\" fill=\"\" stroke=\"none\"><path d=\"M2394 3279 l-29 -30 -3 -207 c-2 -182 0 -211 15 -242 39 -76 157 -76 196 0 15 31 17 60 15 243 l-3 209 -33 29 c-26 23 -41 29 -80 29 -41 0 -53 -5 -78 -31z\"\/><path d=\"M3085 3251 c-45 -19 -58 -50 -96 -229 -47 -217 -49 -260 -13 -295 52 -53 146 -42 177 20 16 31 87 366 87 410 0 70 -86 122 -155 94z\"\/><path d=\"M1751 3234 c-13 -9 -29 -31 -37 -50 -12 -29 -10 -49 21 -204 19 -94 39 -189 45 -210 14 -50 54 -80 110 -80 34 0 48 6 76 34 21 21 34 44 34 59 0 14 -18 113 -40 219 -37 178 -43 195 -70 221 -36 32 -101 37 -139 11z\"\/><path d=\"M1163 3073 c-36 -7 -73 -59 -73 -102 0 -56 133 -378 171 -413 34 -32 83 -37 129 -13 70 36 67 87 -16 290 -86 209 -89 214 -129 231 -35 14 -42 15 -82 7z\"\/><path d=\"M3689 3066 c-15 -9 -33 -30 -42 -48 -48 -103 -147 -355 -147 -375 0 -98 131 -148 192 -74 13 15 57 108 97 206 80 196 84 226 37 273 -30 30 -99 39 -137 18z\"\/><path d=\"M583 2784 c-38 -19 -67 -74 -58 -113 9 -42 211 -354 242 -373 16 -10 45 -18 66 -18 51 0 107 52 107 100 0 39 -1 41 -124 234 -80 126 -108 162 -133 173 -41 17 -61 16 -100 -3z\"\/><path d=\"M4250 2784 c-14 -9 -74 -91 -133 -183 -95 -150 -107 -173 -107 -213 0 -55 33 -94 87 -104 67 -13 90 8 211 198 130 202 137 225 78 284 -27 27 -42 34 -72 34 -22 0 -50 -8 -64 -16z\"\/><path d=\"M2275 2693 c-553 -48 -1095 -270 -1585 -649 -135 -104 -459 -423 -483 -476 -23 -49 -22 -139 2 -186 73 -142 361 -457 571 -626 285 -228 642 -407 990 -497 242 -63 336 -73 660 -74 310 0 370 5 595 52 535 111 1045 392 1455 803 122 121 250 273 275 326 19 41 19 137 0 174 -41 79 -309 363 -465 492 -447 370 -946 591 -1479 653 -113 14 -422 18 -536 8z m395 -428 c171 -34 330 -124 456 -258 112 -119 167 -219 211 -378 27 -96 24 -300 -5 -401 -72 -255 -236 -447 -474 -557 -132 -62 -201 -76 -368 -76 -167 0 -236 14 -368 76 -213 98 -373 271 -451 485 -162 444 86 934 547 1084 153 49 292 57 452 25z m909 -232 c222 -123 408 -262 593 -441 76 -74 138 -139 138 -144 0 -16 -233 -242 -330 -319 -155 -123 -309 -223 -461 -299 l-81 -41 32 46 c18 26 49 83 70 128 143 306 141 649 -6 957 -25 52 -61 116 -79 142 l-34 47 45 -20 c26 -10 76 -36 113 -56z m-2057 25 c-40 -58 -105 -190 -130 -263 -110 -324 -59 -707 132 -981 25 -35 42 -64 37 -64 -19 0 -241 119 -326 174 -188 122 -406 314 -532 468 l-58 71 108 103 c185 178 428 349 672 473 66 33 121 60 123 61 2 0 -10 -19 -26 -42z\"\/><path d=\"M2375 1950 c-198 -44 -350 -190 -395 -379 -18 -76 -8 -221 19 -290 114 -284 457 -406 731 -260 98 52 188 154 231 260 27 69 37 214 19 290 -38 163 -166 304 -326 360 -67 23 -215 33 -279 19z\"\/><\/g><\/svg><\/i> <img decoding=\"async\" width=\"16\" height=\"16\" alt=\"Loading\" src=\"https:\/\/qv-riedernrain.ch\/wp-content\/plugins\/page-views-count\/ajax-loader-2x.gif\" border=0 \/><\/p>\n<div class=\"pvc_clear\"><\/div>\n","protected":false},"excerpt":{"rendered":"<p>Dokument zum \u00d6ffnen anklicken Informationsblatt Riedernrain Ansprechpersonen Riedernrain aktualisiert 11.02.2025 Plan Riedernrain Merkblatt Riedernrain&nbsp; Stand April 2023 Leitfaden E-Mobilit\u00e4t \u00c4mtliliste Riedernrain Stand 5.9.2025 Zeitabrechnungsformular PDF ausf\u00fcllbar Zeitabrechnungsformular EXCEL Nutzungs- und Verwaltungsordnung Gem. parzelle 4031 Nutzungs- und Verwaltungsordnung Heizungsanlage, Nr. 4897 Anhang Verteilerliste zu Nutzungs- und Verwaltungsordnungen Liste der Heizungs-Absperrventile &#8211; Etappe 1 und 2 Liste [&hellip;]<\/p>\n<div class=\"pvc_clear\"><\/div>\n<p id=\"pvc_stats_560\" class=\"pvc_stats all  \" data-element-id=\"560\" style=\"\"><i class=\"pvc-stats-icon small\" aria-hidden=\"true\"><svg xmlns=\"http:\/\/www.w3.org\/2000\/svg\" version=\"1.0\" viewBox=\"0 0 502 315\" preserveAspectRatio=\"xMidYMid meet\"><g transform=\"translate(0,332) scale(0.1,-0.1)\" fill=\"\" stroke=\"none\"><path d=\"M2394 3279 l-29 -30 -3 -207 c-2 -182 0 -211 15 -242 39 -76 157 -76 196 0 15 31 17 60 15 243 l-3 209 -33 29 c-26 23 -41 29 -80 29 -41 0 -53 -5 -78 -31z\"\/><path d=\"M3085 3251 c-45 -19 -58 -50 -96 -229 -47 -217 -49 -260 -13 -295 52 -53 146 -42 177 20 16 31 87 366 87 410 0 70 -86 122 -155 94z\"\/><path d=\"M1751 3234 c-13 -9 -29 -31 -37 -50 -12 -29 -10 -49 21 -204 19 -94 39 -189 45 -210 14 -50 54 -80 110 -80 34 0 48 6 76 34 21 21 34 44 34 59 0 14 -18 113 -40 219 -37 178 -43 195 -70 221 -36 32 -101 37 -139 11z\"\/><path d=\"M1163 3073 c-36 -7 -73 -59 -73 -102 0 -56 133 -378 171 -413 34 -32 83 -37 129 -13 70 36 67 87 -16 290 -86 209 -89 214 -129 231 -35 14 -42 15 -82 7z\"\/><path d=\"M3689 3066 c-15 -9 -33 -30 -42 -48 -48 -103 -147 -355 -147 -375 0 -98 131 -148 192 -74 13 15 57 108 97 206 80 196 84 226 37 273 -30 30 -99 39 -137 18z\"\/><path d=\"M583 2784 c-38 -19 -67 -74 -58 -113 9 -42 211 -354 242 -373 16 -10 45 -18 66 -18 51 0 107 52 107 100 0 39 -1 41 -124 234 -80 126 -108 162 -133 173 -41 17 -61 16 -100 -3z\"\/><path d=\"M4250 2784 c-14 -9 -74 -91 -133 -183 -95 -150 -107 -173 -107 -213 0 -55 33 -94 87 -104 67 -13 90 8 211 198 130 202 137 225 78 284 -27 27 -42 34 -72 34 -22 0 -50 -8 -64 -16z\"\/><path d=\"M2275 2693 c-553 -48 -1095 -270 -1585 -649 -135 -104 -459 -423 -483 -476 -23 -49 -22 -139 2 -186 73 -142 361 -457 571 -626 285 -228 642 -407 990 -497 242 -63 336 -73 660 -74 310 0 370 5 595 52 535 111 1045 392 1455 803 122 121 250 273 275 326 19 41 19 137 0 174 -41 79 -309 363 -465 492 -447 370 -946 591 -1479 653 -113 14 -422 18 -536 8z m395 -428 c171 -34 330 -124 456 -258 112 -119 167 -219 211 -378 27 -96 24 -300 -5 -401 -72 -255 -236 -447 -474 -557 -132 -62 -201 -76 -368 -76 -167 0 -236 14 -368 76 -213 98 -373 271 -451 485 -162 444 86 934 547 1084 153 49 292 57 452 25z m909 -232 c222 -123 408 -262 593 -441 76 -74 138 -139 138 -144 0 -16 -233 -242 -330 -319 -155 -123 -309 -223 -461 -299 l-81 -41 32 46 c18 26 49 83 70 128 143 306 141 649 -6 957 -25 52 -61 116 -79 142 l-34 47 45 -20 c26 -10 76 -36 113 -56z m-2057 25 c-40 -58 -105 -190 -130 -263 -110 -324 -59 -707 132 -981 25 -35 42 -64 37 -64 -19 0 -241 119 -326 174 -188 122 -406 314 -532 468 l-58 71 108 103 c185 178 428 349 672 473 66 33 121 60 123 61 2 0 -10 -19 -26 -42z\"\/><path d=\"M2375 1950 c-198 -44 -350 -190 -395 -379 -18 -76 -8 -221 19 -290 114 -284 457 -406 731 -260 98 52 188 154 231 260 27 69 37 214 19 290 -38 163 -166 304 -326 360 -67 23 -215 33 -279 19z\"\/><\/g><\/svg><\/i> <img decoding=\"async\" width=\"16\" height=\"16\" alt=\"Loading\" src=\"https:\/\/qv-riedernrain.ch\/wp-content\/plugins\/page-views-count\/ajax-loader-2x.gif\" border=0 \/><\/p>\n<div class=\"pvc_clear\"><\/div>\n","protected":false},"author":3,"featured_media":0,"parent":306,"menu_order":0,"comment_status":"closed","ping_status":"closed","template":"","meta":{"_crdt_document":"","ngg_post_thumbnail":0,"footnotes":""},"class_list":["post-560","page","type-page","status-publish","hentry"],"a3_pvc":{"activated":true,"total_views":3248,"today_views":0},"_links":{"self":[{"href":"https:\/\/qv-riedernrain.ch\/index.php\/wp-json\/wp\/v2\/pages\/560","targetHints":{"allow":["GET"]}}],"collection":[{"href":"https:\/\/qv-riedernrain.ch\/index.php\/wp-json\/wp\/v2\/pages"}],"about":[{"href":"https:\/\/qv-riedernrain.ch\/index.php\/wp-json\/wp\/v2\/types\/page"}],"author":[{"embeddable":true,"href":"https:\/\/qv-riedernrain.ch\/index.php\/wp-json\/wp\/v2\/users\/3"}],"replies":[{"embeddable":true,"href":"https:\/\/qv-riedernrain.ch\/index.php\/wp-json\/wp\/v2\/comments?post=560"}],"version-history":[{"count":54,"href":"https:\/\/qv-riedernrain.ch\/index.php\/wp-json\/wp\/v2\/pages\/560\/revisions"}],"predecessor-version":[{"id":1847,"href":"https:\/\/qv-riedernrain.ch\/index.php\/wp-json\/wp\/v2\/pages\/560\/revisions\/1847"}],"up":[{"embeddable":true,"href":"https:\/\/qv-riedernrain.ch\/index.php\/wp-json\/wp\/v2\/pages\/306"}],"wp:attachment":[{"href":"https:\/\/qv-riedernrain.ch\/index.php\/wp-json\/wp\/v2\/media?parent=560"}],"curies":[{"name":"wp","href":"https:\/\/api.w.org\/{rel}","templated":true}]}}