{"id":79,"date":"2020-02-08T11:39:27","date_gmt":"2020-02-08T11:39:27","guid":{"rendered":"https:\/\/pcprivatunterricht.ch\/weber\/?page_id=79"},"modified":"2025-08-12T12:00:57","modified_gmt":"2025-08-12T10:00:57","slug":"aktuell","status":"publish","type":"page","link":"https:\/\/qv-riedernrain.ch\/index.php\/aktuell\/","title":{"rendered":"Aktuell"},"content":{"rendered":"<div>\n<p><span style=\"color: #008080;\"><strong><span style=\"font-family: helvetica,arial,sans-serif;\">Bitte beachten Sie auch die Meldungen im BLOG <a style=\"color: #008080;\" href=\"https:\/\/qv-riedernrain.ch\/index.php\/blog\/\">LINK<\/a><\/span><\/strong><\/span><\/p>\n<p><strong><span style=\"font-family: helvetica, arial, sans-serif;\">K\u00e4rcher Hochdruckreiniger HD 5\/12 CS Plus+FR Classic<\/span><\/strong><br \/>\n<span style=\"font-family: helvetica, arial, sans-serif;\">Die Miteigent\u00fcmergemeinschaft hat neu einen leistungsstarken Hochdruckreiniger.<\/span><br \/>\n<span style=\"font-family: helvetica, arial, sans-serif;\">Er kann auf Anfrage bei Kurt K\u00e4mpf 079 451 97 14 kostenlos ausgeliehen werden.<\/span><\/p>\n<p><strong><span style=\"font-family: helvetica, arial, sans-serif;\">Test von Bewegungssensor-R\u00f6hre bei Besucherpl\u00e4tzen und im Veloraum Ebene 3<br \/>\n<\/span><\/strong><span style=\"font-family: helvetica, arial, sans-serif;\">Seit 4.4.2025 ist im Veloraum und beim Besucherplatz eine Sensor-R\u00f6hre installiert, welche sich beim Erkennen einer Bewegung f\u00fcr 5 Minuten einschaltet, anschliessend noch 2 Minuten reduziert brennt. Wir sch\u00e4tzen, dass dadurch der Stromverbrauch um CHF 10 bis 20 reduziert werden kann.<\/span><\/p>\n<p><span style=\"font-family: helvetica, arial, sans-serif;\"><strong>Ausfahrt EH 4 links\/Nischen<\/strong><\/span><br \/>\n<span style=\"font-family: helvetica, arial, sans-serif;\">neu 2 Sensorbirnen, die sich bei Dunkelheit einschalten.<\/span><\/p>\n<p><span style=\"font-family: helvetica, arial, sans-serif;\">H. Weber &#8211; Mitglied Gruppe Energie<\/span><\/p>\n<p>&nbsp;<\/p>\n<p><strong><span style=\"font-family: helvetica, arial, sans-serif; font-size: 12pt; color: #ff0000;\">Zugang zu den Schutzr\u00e4umen ab 28.5.2024<\/span><\/strong><\/p>\n<p><span style=\"font-family: helvetica, arial, sans-serif; font-size: 12pt;\">Damit alle Bewohner\/Bewohnerinnen Zugang zu Ihrem Schutzraum haben, sind die vier Schutzr\u00e4ume mit einem neuen elektronischen Schliesssystem ausger\u00fcstet.<br \/>\n<\/span><br \/>\n<span style=\"font-family: helvetica, arial, sans-serif; font-size: 12pt;\">Der Zugang ist mit Code m\u00f6glich, den Sie separat erhalten haben.<\/span><br \/>\n<span style=\"font-family: helvetica, arial, sans-serif; font-size: 12pt;\"><strong>Bitte die Eingabe mit # abschliessen, d.h. CODE#<br \/>\n<\/strong>Gegen eine Geb\u00fchr von ca.&nbsp;CHF 12 k\u00f6nnen Sie auch einen Batch beziehen.<\/span><\/p>\n<p><span style=\"font-family: helvetica, arial, sans-serif; font-size: 12pt;\">Falls Sie im Schutzraum einen eigenen Kellerraum haben, ben\u00f6tigen Sie f\u00fcr Ihr Abteil wie bisher Ihren Hausschl\u00fcssel.<\/span><\/p>\n<p><span style=\"font-family: helvetica, arial, sans-serif; font-size: 12pt;\">Die Koordination der Schliessanlage erfolgt durch den Pr\u00e4sidenten des Quartiervereins,<\/span><br \/>\n<span style=\"font-family: helvetica, arial, sans-serif; font-size: 12pt;\">Helmut Weber \u2013 Tel. 031 991 62 40.<\/span><\/p>\n<h1><a href=\"https:\/\/qv-riedernrain.ch\/index.php\/fotogalerien\/\"><span style=\"color: #000000; font-size: 12pt; font-family: helvetica, arial, sans-serif;\">Fotos Tag der Nachbarschaft 21.5.2022 &#8211; Motto &#8222;XUND!<\/span><\/a><br \/>\n<span style=\"font-family: helvetica, arial, sans-serif; font-size: 12pt;\">Fotos Tag der Nachbarschaft 16.10.21 + Fotos Bauzeit<\/span><\/h1>\n<p><span style=\"font-family: helvetica, arial, sans-serif;\">Ein sonniger Herbsttag lockte mehr als 40 Bewohnerinnen und Bewohner an unseren Tag der Nachbarschaft.<\/span><br \/>\n<span style=\"font-family: helvetica, arial, sans-serif;\">Das Motto lautete \u201eDie 80er Jahre\u201c, war es doch 1978 als die ersten H\u00e4user am Riedernrain bezogen wurden.<\/span><\/p>\n<p><span style=\"font-family: helvetica, arial, sans-serif;\">Ein Fotor\u00fcckblick zeigt Bilder aus der Bauzeit und den Anfangsjahren \u2013&nbsp;<a href=\"https:\/\/qv-riedernrain.ch\/index.php\/fotos-bauzeit-anfangsjahre\/\">LINK<\/a><\/span><\/p>\n<p><span style=\"font-family: helvetica, arial, sans-serif;\">Fotos vom Tag der Nachbarschaft \u2013&nbsp;<a href=\"https:\/\/qv-riedernrain.ch\/index.php\/fotogalerien\/\">LINK<\/a><\/span><\/p>\n<p><a href=\"https:\/\/qv-riedernrain.ch\/wp-content\/uploads\/2021\/09\/Info-Begehung-2021.pdf\"><strong><span style=\"font-family: helvetica, arial, sans-serif;\">Protokoll Begehung 6. Juli 2021<\/span><\/strong><\/a><\/p>\n<p><strong><span style=\"font-family: helvetica, arial, sans-serif;\">Neues Quartierzentrum im G\u00e4belbach<\/span><\/strong><br \/>\n<span style=\"font-family: helvetica, arial, sans-serif;\">Das Quartierzentrum G\u00e4belbach liegt in unmittelbarer N\u00e4he zum Riedernrainquartier.<\/span><br \/>\n<span style=\"font-family: helvetica, arial, sans-serif;\">M\u00f6chten Sie ein Hochzeitsfest oder Kindergeburtstag feiern?<\/span><br \/>\n<span style=\"font-family: helvetica, arial, sans-serif;\">Haben Sie Lust, Gleichgesinnte zu treffen und sich auszutauschen?<\/span><br \/>\n<span style=\"font-family: helvetica, arial, sans-serif;\">Sind Sie interessiert, einen Kurs in Ihrer Nachbarschaft zu besuchen?<\/span><br \/>\n<span style=\"font-family: helvetica, arial, sans-serif;\">Haben Sie Fragen zum Leben im Quartier oder m\u00f6chten mit einer eigenen Idee das Quartierleben bereichern?<\/span><\/p>\n<p><span style=\"font-family: helvetica, arial, sans-serif;\">Das Quartierzentrum ist Anlaufstelle f\u00fcr verschiedene Anliegen und bietet den Quartierbewohnern R\u00e4ume, Kontakte, Informationen und Material.<\/span><\/p>\n<p><span style=\"font-family: helvetica, arial, sans-serif;\">Wir unterst\u00fctzen freiwilliges Engagement und vermitteln Nachbarschaftshilfe. Bei uns k\u00f6nnen R\u00e4ume f\u00fcr Veranstaltungen und Feste gemietet werden. Das Kursangebot ist zurzeit aufgrund von Corona leider eingeschr\u00e4nkt. Sobald m\u00f6glich soll auch der Treffpunkt Wohnzimmer wiederer\u00f6ffnet werden. U.a. planen wir hier einen Senior*innenmorgen oder Nachmittag. Am 31.5 er\u00f6ffnet zudem eine Abgabestelle von Tischlein deck dich.<\/span><br \/>\n<span style=\"font-family: helvetica, arial, sans-serif;\">Aktuelle Informationen zu den Kursangeboten und Veranstaltungen erhalten Sie auf unserer Webseite: <a href=\"http:\/\/www.gaebelbach.ch\">www.gaebelbach.ch.<\/a> Personen aus der Riederen sind bei allen Angeboten und Anl\u00e4ssen im Quartierzentrum herzlich willkommen.<\/span><br \/>\n<span style=\"font-family: helvetica, arial, sans-serif;\">Sie haben eine Kursidee, oder m\u00f6chten eine Veranstaltung organisieren, dann melden sie sich bei uns!<\/span><\/p>\n<p><strong><span style=\"font-family: helvetica, arial, sans-serif;\">Quartierzentrum G\u00e4belbach<\/span><\/strong><br \/>\n<span style=\"font-family: helvetica, arial, sans-serif;\">Weiermattstrasse 54<\/span><br \/>\n<span style=\"font-family: helvetica, arial, sans-serif;\">3027 Bern<\/span><br \/>\n<span style=\"font-family: helvetica, arial, sans-serif;\">Julia Rogger (Mo, Di, Do) und Markus Fl\u00fcck (Di bis Do)<\/span><br \/>\n<span style=\"font-family: helvetica, arial, sans-serif;\">Dipl. Sozialarbeiterin \/ Soziokultureller Animator i.A.<\/span><br \/>\n<span style=\"font-family: helvetica, arial, sans-serif;\">julia.rogger@vbgbern.ch \/ markus.flueck@vbgbern.ch<\/span><br \/>\n<span style=\"font-family: helvetica, arial, sans-serif;\">077 437 92 90 \/ 078 883 40 24<\/span><br \/>\n<span style=\"font-family: helvetica, arial, sans-serif;\">Mo, Di und Do Di bis Do<\/span><\/p>\n<p><strong><span style=\"font-family: helvetica, arial, sans-serif;\">Handsender f\u00fcr Einstellhallen-Einfahrt Ebene 4<br \/>\n<\/span><\/strong><span style=\"font-family: helvetica, arial, sans-serif;\">Die Verwaltung hat einige Handsender zu Fr. 89 abzugeben.<br \/>\n<\/span><span style=\"font-family: helvetica, arial, sans-serif;\">Nils Harnisch, Dr. MEYER Immobilien AG &#8211; 031 996 42 93 &#8211; nils.harnisch@dr-meyer.ch<\/span><\/p>\n<\/div>\n<pre><span style=\"color: #000000; font-family: helvetica,arial,sans-serif; font-size: 12pt;\"><strong>Beleuchtung Einstellhalle Ebene 3\r\n<\/strong>Die Montage der 10 LED-Boards ist erfolgt. Die Ausleuchtung der Halle ist wesentlich besser geworden.\r\nDurch einen Zwischenfall bei der Montage sind zwei bestehende Boards ausgefallen. Diese werden in K\u00fcrze ersetzt\r\nbzw. repariert (erledigt 5.5.2020)\r\n<\/span><span style=\"font-family: helvetica,arial,sans-serif;\">5.5.2020 \/ 29.4.2020 H. Weber<\/span><\/pre>\n<p><span style=\"font-family: helvetica,arial,sans-serif; font-size: 12pt;\"><strong>Beleuchtung Einstellhalle Ebene 3 + 4<br \/>\n<\/strong><\/span><span style=\"color: #000000; font-family: helvetica,arial,sans-serif; font-size: 12pt;\">Am 30.3.20 haben wir die FL-R\u00f6hren durch <strong>LED-R\u00f6hren<\/strong> ersetzt (Reduktion Stromverbrauch um 55 %, d.h. von 36 auf 16 W). Wir erreichen damit eine wesentliche Kostenreduktion, betragen doch die j\u00e4hrlichen Stromkosten aktuell noch 6&#8217;500 Franken.<\/span><\/p>\n<p><span style=\"color: #000000; font-family: helvetica,arial,sans-serif; font-size: 12pt;\">Zusatzinfo Ebene 4<\/span><br \/>\n<span style=\"color: #000000; font-family: helvetica,arial,sans-serif; font-size: 12pt;\">Bei den 3 Nischen rechts in Ausfahrtsrichtung, hinten im Veloraum und ab Platz 281 in Richtung Veloraum haben wir <strong>LED-Sensorleuchten<\/strong> montiert. Ohne Bewegung entsteht hier ein Verbrauch von nur 3,3 W. Bei Bewegung wird f\u00fcr 3 Minuten auf 100 % erh\u00f6ht (16,5 W).<\/span><\/p>\n<p><span style=\"color: #000000; font-family: helvetica,arial,sans-serif; font-size: 12pt;\">Zusatzinfo Ebene 3<\/span><br \/>\n<span style=\"color: #000000; font-family: helvetica,arial,sans-serif; font-size: 12pt;\">Hier werden auf der Seite in Richtung Veloraum durch Elektro Gerber im April\/Mai <strong>10 weitere LED-Boards (31 W)<\/strong> montiert. Diese Boards werden so montiert, dass sie ein wenig aus der Nische hinausragen und somit eine bessere Ausleuchtung ergeben (wie die bereits montierten).<\/span><\/p>\n<p><span style=\"color: #000000; font-family: helvetica,arial,sans-serif; font-size: 12pt;\">30. M\u00e4rz 2020<\/span><br \/>\n<span style=\"color: #000000; font-family: helvetica,arial,sans-serif; font-size: 12pt;\">H. Weber + E. Forster in Absprache mit Gruppe ENERGIE und der Verwaltung.<\/span><br \/>\n<span style=\"color: #000000; font-family: helvetica,arial,sans-serif; font-size: 12pt;\">F\u00fcr weitere Informationen stehe ich Ihnen gerne zur Verf\u00fcgung.<\/span><br \/>\n<span style=\"color: #000000; font-family: helvetica,arial,sans-serif; font-size: 12pt;\">Tel. 031 991 62 40 H. Weber<\/span><\/p>\n<div class=\"pvc_clear\"><\/div>\n<p id=\"pvc_stats_79\" class=\"pvc_stats all  \" data-element-id=\"79\" style=\"\"><i class=\"pvc-stats-icon small\" aria-hidden=\"true\"><svg xmlns=\"http:\/\/www.w3.org\/2000\/svg\" version=\"1.0\" viewBox=\"0 0 502 315\" preserveAspectRatio=\"xMidYMid meet\"><g transform=\"translate(0,332) scale(0.1,-0.1)\" fill=\"\" stroke=\"none\"><path d=\"M2394 3279 l-29 -30 -3 -207 c-2 -182 0 -211 15 -242 39 -76 157 -76 196 0 15 31 17 60 15 243 l-3 209 -33 29 c-26 23 -41 29 -80 29 -41 0 -53 -5 -78 -31z\"\/><path d=\"M3085 3251 c-45 -19 -58 -50 -96 -229 -47 -217 -49 -260 -13 -295 52 -53 146 -42 177 20 16 31 87 366 87 410 0 70 -86 122 -155 94z\"\/><path d=\"M1751 3234 c-13 -9 -29 -31 -37 -50 -12 -29 -10 -49 21 -204 19 -94 39 -189 45 -210 14 -50 54 -80 110 -80 34 0 48 6 76 34 21 21 34 44 34 59 0 14 -18 113 -40 219 -37 178 -43 195 -70 221 -36 32 -101 37 -139 11z\"\/><path d=\"M1163 3073 c-36 -7 -73 -59 -73 -102 0 -56 133 -378 171 -413 34 -32 83 -37 129 -13 70 36 67 87 -16 290 -86 209 -89 214 -129 231 -35 14 -42 15 -82 7z\"\/><path d=\"M3689 3066 c-15 -9 -33 -30 -42 -48 -48 -103 -147 -355 -147 -375 0 -98 131 -148 192 -74 13 15 57 108 97 206 80 196 84 226 37 273 -30 30 -99 39 -137 18z\"\/><path d=\"M583 2784 c-38 -19 -67 -74 -58 -113 9 -42 211 -354 242 -373 16 -10 45 -18 66 -18 51 0 107 52 107 100 0 39 -1 41 -124 234 -80 126 -108 162 -133 173 -41 17 -61 16 -100 -3z\"\/><path d=\"M4250 2784 c-14 -9 -74 -91 -133 -183 -95 -150 -107 -173 -107 -213 0 -55 33 -94 87 -104 67 -13 90 8 211 198 130 202 137 225 78 284 -27 27 -42 34 -72 34 -22 0 -50 -8 -64 -16z\"\/><path d=\"M2275 2693 c-553 -48 -1095 -270 -1585 -649 -135 -104 -459 -423 -483 -476 -23 -49 -22 -139 2 -186 73 -142 361 -457 571 -626 285 -228 642 -407 990 -497 242 -63 336 -73 660 -74 310 0 370 5 595 52 535 111 1045 392 1455 803 122 121 250 273 275 326 19 41 19 137 0 174 -41 79 -309 363 -465 492 -447 370 -946 591 -1479 653 -113 14 -422 18 -536 8z m395 -428 c171 -34 330 -124 456 -258 112 -119 167 -219 211 -378 27 -96 24 -300 -5 -401 -72 -255 -236 -447 -474 -557 -132 -62 -201 -76 -368 -76 -167 0 -236 14 -368 76 -213 98 -373 271 -451 485 -162 444 86 934 547 1084 153 49 292 57 452 25z m909 -232 c222 -123 408 -262 593 -441 76 -74 138 -139 138 -144 0 -16 -233 -242 -330 -319 -155 -123 -309 -223 -461 -299 l-81 -41 32 46 c18 26 49 83 70 128 143 306 141 649 -6 957 -25 52 -61 116 -79 142 l-34 47 45 -20 c26 -10 76 -36 113 -56z m-2057 25 c-40 -58 -105 -190 -130 -263 -110 -324 -59 -707 132 -981 25 -35 42 -64 37 -64 -19 0 -241 119 -326 174 -188 122 -406 314 -532 468 l-58 71 108 103 c185 178 428 349 672 473 66 33 121 60 123 61 2 0 -10 -19 -26 -42z\"\/><path d=\"M2375 1950 c-198 -44 -350 -190 -395 -379 -18 -76 -8 -221 19 -290 114 -284 457 -406 731 -260 98 52 188 154 231 260 27 69 37 214 19 290 -38 163 -166 304 -326 360 -67 23 -215 33 -279 19z\"\/><\/g><\/svg><\/i> <img decoding=\"async\" width=\"16\" height=\"16\" alt=\"Loading\" src=\"https:\/\/qv-riedernrain.ch\/wp-content\/plugins\/page-views-count\/ajax-loader-2x.gif\" border=0 \/><\/p>\n<div class=\"pvc_clear\"><\/div>\n","protected":false},"excerpt":{"rendered":"<p>Bitte beachten Sie auch die Meldungen im BLOG LINK K\u00e4rcher Hochdruckreiniger HD 5\/12 CS Plus+FR Classic Die Miteigent\u00fcmergemeinschaft hat neu einen leistungsstarken Hochdruckreiniger. Er kann auf Anfrage bei Kurt K\u00e4mpf 079 451 97 14 kostenlos ausgeliehen werden. Test von Bewegungssensor-R\u00f6hre bei Besucherpl\u00e4tzen und im Veloraum Ebene 3 Seit 4.4.2025 ist im Veloraum und beim Besucherplatz [&hellip;]<\/p>\n<div class=\"pvc_clear\"><\/div>\n<p id=\"pvc_stats_79\" class=\"pvc_stats all  \" data-element-id=\"79\" style=\"\"><i class=\"pvc-stats-icon small\" aria-hidden=\"true\"><svg xmlns=\"http:\/\/www.w3.org\/2000\/svg\" version=\"1.0\" viewBox=\"0 0 502 315\" preserveAspectRatio=\"xMidYMid meet\"><g transform=\"translate(0,332) scale(0.1,-0.1)\" fill=\"\" stroke=\"none\"><path d=\"M2394 3279 l-29 -30 -3 -207 c-2 -182 0 -211 15 -242 39 -76 157 -76 196 0 15 31 17 60 15 243 l-3 209 -33 29 c-26 23 -41 29 -80 29 -41 0 -53 -5 -78 -31z\"\/><path d=\"M3085 3251 c-45 -19 -58 -50 -96 -229 -47 -217 -49 -260 -13 -295 52 -53 146 -42 177 20 16 31 87 366 87 410 0 70 -86 122 -155 94z\"\/><path d=\"M1751 3234 c-13 -9 -29 -31 -37 -50 -12 -29 -10 -49 21 -204 19 -94 39 -189 45 -210 14 -50 54 -80 110 -80 34 0 48 6 76 34 21 21 34 44 34 59 0 14 -18 113 -40 219 -37 178 -43 195 -70 221 -36 32 -101 37 -139 11z\"\/><path d=\"M1163 3073 c-36 -7 -73 -59 -73 -102 0 -56 133 -378 171 -413 34 -32 83 -37 129 -13 70 36 67 87 -16 290 -86 209 -89 214 -129 231 -35 14 -42 15 -82 7z\"\/><path d=\"M3689 3066 c-15 -9 -33 -30 -42 -48 -48 -103 -147 -355 -147 -375 0 -98 131 -148 192 -74 13 15 57 108 97 206 80 196 84 226 37 273 -30 30 -99 39 -137 18z\"\/><path d=\"M583 2784 c-38 -19 -67 -74 -58 -113 9 -42 211 -354 242 -373 16 -10 45 -18 66 -18 51 0 107 52 107 100 0 39 -1 41 -124 234 -80 126 -108 162 -133 173 -41 17 -61 16 -100 -3z\"\/><path d=\"M4250 2784 c-14 -9 -74 -91 -133 -183 -95 -150 -107 -173 -107 -213 0 -55 33 -94 87 -104 67 -13 90 8 211 198 130 202 137 225 78 284 -27 27 -42 34 -72 34 -22 0 -50 -8 -64 -16z\"\/><path d=\"M2275 2693 c-553 -48 -1095 -270 -1585 -649 -135 -104 -459 -423 -483 -476 -23 -49 -22 -139 2 -186 73 -142 361 -457 571 -626 285 -228 642 -407 990 -497 242 -63 336 -73 660 -74 310 0 370 5 595 52 535 111 1045 392 1455 803 122 121 250 273 275 326 19 41 19 137 0 174 -41 79 -309 363 -465 492 -447 370 -946 591 -1479 653 -113 14 -422 18 -536 8z m395 -428 c171 -34 330 -124 456 -258 112 -119 167 -219 211 -378 27 -96 24 -300 -5 -401 -72 -255 -236 -447 -474 -557 -132 -62 -201 -76 -368 -76 -167 0 -236 14 -368 76 -213 98 -373 271 -451 485 -162 444 86 934 547 1084 153 49 292 57 452 25z m909 -232 c222 -123 408 -262 593 -441 76 -74 138 -139 138 -144 0 -16 -233 -242 -330 -319 -155 -123 -309 -223 -461 -299 l-81 -41 32 46 c18 26 49 83 70 128 143 306 141 649 -6 957 -25 52 -61 116 -79 142 l-34 47 45 -20 c26 -10 76 -36 113 -56z m-2057 25 c-40 -58 -105 -190 -130 -263 -110 -324 -59 -707 132 -981 25 -35 42 -64 37 -64 -19 0 -241 119 -326 174 -188 122 -406 314 -532 468 l-58 71 108 103 c185 178 428 349 672 473 66 33 121 60 123 61 2 0 -10 -19 -26 -42z\"\/><path d=\"M2375 1950 c-198 -44 -350 -190 -395 -379 -18 -76 -8 -221 19 -290 114 -284 457 -406 731 -260 98 52 188 154 231 260 27 69 37 214 19 290 -38 163 -166 304 -326 360 -67 23 -215 33 -279 19z\"\/><\/g><\/svg><\/i> <img decoding=\"async\" width=\"16\" height=\"16\" alt=\"Loading\" src=\"https:\/\/qv-riedernrain.ch\/wp-content\/plugins\/page-views-count\/ajax-loader-2x.gif\" border=0 \/><\/p>\n<div class=\"pvc_clear\"><\/div>\n","protected":false},"author":1,"featured_media":0,"parent":0,"menu_order":0,"comment_status":"closed","ping_status":"closed","template":"","meta":{"_crdt_document":"","ngg_post_thumbnail":0,"footnotes":""},"class_list":["post-79","page","type-page","status-publish","hentry"],"a3_pvc":{"activated":true,"total_views":3557,"today_views":0},"_links":{"self":[{"href":"https:\/\/qv-riedernrain.ch\/index.php\/wp-json\/wp\/v2\/pages\/79","targetHints":{"allow":["GET"]}}],"collection":[{"href":"https:\/\/qv-riedernrain.ch\/index.php\/wp-json\/wp\/v2\/pages"}],"about":[{"href":"https:\/\/qv-riedernrain.ch\/index.php\/wp-json\/wp\/v2\/types\/page"}],"author":[{"embeddable":true,"href":"https:\/\/qv-riedernrain.ch\/index.php\/wp-json\/wp\/v2\/users\/1"}],"replies":[{"embeddable":true,"href":"https:\/\/qv-riedernrain.ch\/index.php\/wp-json\/wp\/v2\/comments?post=79"}],"version-history":[{"count":59,"href":"https:\/\/qv-riedernrain.ch\/index.php\/wp-json\/wp\/v2\/pages\/79\/revisions"}],"predecessor-version":[{"id":1829,"href":"https:\/\/qv-riedernrain.ch\/index.php\/wp-json\/wp\/v2\/pages\/79\/revisions\/1829"}],"wp:attachment":[{"href":"https:\/\/qv-riedernrain.ch\/index.php\/wp-json\/wp\/v2\/media?parent=79"}],"curies":[{"name":"wp","href":"https:\/\/api.w.org\/{rel}","templated":true}]}}