{"id":92,"date":"2020-02-08T11:58:46","date_gmt":"2020-02-08T11:58:46","guid":{"rendered":"https:\/\/pcprivatunterricht.ch\/weber\/?page_id=92"},"modified":"2020-03-31T20:29:09","modified_gmt":"2020-03-31T20:29:09","slug":"history","status":"publish","type":"page","link":"https:\/\/qv-riedernrain.ch\/index.php\/history\/","title":{"rendered":"History"},"content":{"rendered":"<p><span style=\"color: #000000; font-family: helvetica,arial,sans-serif; font-size: 12pt;\"><strong>Geschichte des Quartiervereins Riedernrain<\/strong><\/span><\/p>\n<p><span style=\"color: #000000; font-family: helvetica,arial,sans-serif; font-size: 12pt;\">Der Quartierverein Riedernrain ist am 3. Juni 1993 von Christian K\u00f6nig, Silvia K\u00f6nig, Andreas P\u00e4rli, J\u00fcrg Sch\u00e4r, Robert Wenger und Ulrich Zingg gegr\u00fcndet worden. Grund f\u00fcr die Gr\u00fcndung war die von der Stadt vorgesehene Umplatzierung der Extremalkoholiker vom Reitschulvorplatz nach Br\u00fcnnen.<\/span><\/p>\n<p><span style=\"color: #000000; font-family: helvetica,arial,sans-serif; font-size: 12pt;\">Leider war das Vereinsdasein nur von kurzer Dauer. Bereits im November 1995 hat Christian K\u00f6nig wegen Wegzuges das Pr\u00e4sidium abgegeben. Der Verein war anschliessend ohne Pr\u00e4sident und der Vorstand wurde durch weitere Wegz\u00fcge und Abg\u00e4nge immer kleiner. Im Sommer 2000 ist auch Robert Wenger weggezogen und so ist der Verein langsam eingeschlafen.<\/span><\/p>\n<p><span style=\"color: #000000; font-family: helvetica,arial,sans-serif; font-size: 12pt;\">Am 27. Oktober 2009 haben Katrin V\u00f6lgyi, Ernst Schmid und Heinz Th\u00fcler den Verein wieder zum Leben erweckt.<\/span><\/p>\n<p>&nbsp;<\/p>\n<p><span style=\"color: #000000; font-family: helvetica,arial,sans-serif; font-size: 12pt;\"><strong>Geschichte der Siedlung<\/strong><\/span><\/p>\n<p><span style=\"color: #000000; font-family: helvetica,arial,sans-serif; font-size: 12pt;\">Zwischen 1977 und 1988 wurde am Riedernrain, einem SO-Hang vis-\u00e0-vis der \u00dcberbauung G\u00e4belbach, die Terrassensiedlung RIEDERNRAIN erstellt. F\u00fcr das in vier Etappen verwirklichte Projekt zeichnete die Architektengemeinschaft G\u00e4belbach verantwortlich. Sie bestand aus den beidenm B\u00fcros HELFER ARCHITEKTEN AG und H. &amp; G. REINHARD ARCHITEKTEN AG. Als Bauherrschaft trat die Bauherrengemeinschaft Riedern auf, in der die Architekturb\u00fcros massgeblich beteiligt waren. Insgesamt 119 Einfamilienh\u00e4user (2,5 bis 6 Zimmer) wurden treppenartig \u00fcbereinander gebaut.<\/span><\/p>\n<p><span style=\"color: #000000; font-family: helvetica,arial,sans-serif; font-size: 12pt;\">Die erste Bauetappe von 1977 &#8211; 1978 umfasste 17 H\u00e4user im nordwestlichen Teil des Gebietes. Von 1979 &#8211; 1981 wurde die Etappe 2 mit weiteren 26 H\u00e4usern sowie eine Autoeinstellhalle hinzugef\u00fcgt. Die dritte und vierte Etappe mit zusammen 76 Wohneinheiten entstand in den Jahren 1986 &#8211; 1988.<\/span><\/p>\n<div class=\"pvc_clear\"><\/div>\n<p id=\"pvc_stats_92\" class=\"pvc_stats all  \" data-element-id=\"92\" style=\"\"><i class=\"pvc-stats-icon small\" aria-hidden=\"true\"><svg xmlns=\"http:\/\/www.w3.org\/2000\/svg\" version=\"1.0\" viewBox=\"0 0 502 315\" preserveAspectRatio=\"xMidYMid meet\"><g transform=\"translate(0,332) scale(0.1,-0.1)\" fill=\"\" stroke=\"none\"><path d=\"M2394 3279 l-29 -30 -3 -207 c-2 -182 0 -211 15 -242 39 -76 157 -76 196 0 15 31 17 60 15 243 l-3 209 -33 29 c-26 23 -41 29 -80 29 -41 0 -53 -5 -78 -31z\"\/><path d=\"M3085 3251 c-45 -19 -58 -50 -96 -229 -47 -217 -49 -260 -13 -295 52 -53 146 -42 177 20 16 31 87 366 87 410 0 70 -86 122 -155 94z\"\/><path d=\"M1751 3234 c-13 -9 -29 -31 -37 -50 -12 -29 -10 -49 21 -204 19 -94 39 -189 45 -210 14 -50 54 -80 110 -80 34 0 48 6 76 34 21 21 34 44 34 59 0 14 -18 113 -40 219 -37 178 -43 195 -70 221 -36 32 -101 37 -139 11z\"\/><path d=\"M1163 3073 c-36 -7 -73 -59 -73 -102 0 -56 133 -378 171 -413 34 -32 83 -37 129 -13 70 36 67 87 -16 290 -86 209 -89 214 -129 231 -35 14 -42 15 -82 7z\"\/><path d=\"M3689 3066 c-15 -9 -33 -30 -42 -48 -48 -103 -147 -355 -147 -375 0 -98 131 -148 192 -74 13 15 57 108 97 206 80 196 84 226 37 273 -30 30 -99 39 -137 18z\"\/><path d=\"M583 2784 c-38 -19 -67 -74 -58 -113 9 -42 211 -354 242 -373 16 -10 45 -18 66 -18 51 0 107 52 107 100 0 39 -1 41 -124 234 -80 126 -108 162 -133 173 -41 17 -61 16 -100 -3z\"\/><path d=\"M4250 2784 c-14 -9 -74 -91 -133 -183 -95 -150 -107 -173 -107 -213 0 -55 33 -94 87 -104 67 -13 90 8 211 198 130 202 137 225 78 284 -27 27 -42 34 -72 34 -22 0 -50 -8 -64 -16z\"\/><path d=\"M2275 2693 c-553 -48 -1095 -270 -1585 -649 -135 -104 -459 -423 -483 -476 -23 -49 -22 -139 2 -186 73 -142 361 -457 571 -626 285 -228 642 -407 990 -497 242 -63 336 -73 660 -74 310 0 370 5 595 52 535 111 1045 392 1455 803 122 121 250 273 275 326 19 41 19 137 0 174 -41 79 -309 363 -465 492 -447 370 -946 591 -1479 653 -113 14 -422 18 -536 8z m395 -428 c171 -34 330 -124 456 -258 112 -119 167 -219 211 -378 27 -96 24 -300 -5 -401 -72 -255 -236 -447 -474 -557 -132 -62 -201 -76 -368 -76 -167 0 -236 14 -368 76 -213 98 -373 271 -451 485 -162 444 86 934 547 1084 153 49 292 57 452 25z m909 -232 c222 -123 408 -262 593 -441 76 -74 138 -139 138 -144 0 -16 -233 -242 -330 -319 -155 -123 -309 -223 -461 -299 l-81 -41 32 46 c18 26 49 83 70 128 143 306 141 649 -6 957 -25 52 -61 116 -79 142 l-34 47 45 -20 c26 -10 76 -36 113 -56z m-2057 25 c-40 -58 -105 -190 -130 -263 -110 -324 -59 -707 132 -981 25 -35 42 -64 37 -64 -19 0 -241 119 -326 174 -188 122 -406 314 -532 468 l-58 71 108 103 c185 178 428 349 672 473 66 33 121 60 123 61 2 0 -10 -19 -26 -42z\"\/><path d=\"M2375 1950 c-198 -44 -350 -190 -395 -379 -18 -76 -8 -221 19 -290 114 -284 457 -406 731 -260 98 52 188 154 231 260 27 69 37 214 19 290 -38 163 -166 304 -326 360 -67 23 -215 33 -279 19z\"\/><\/g><\/svg><\/i> <img decoding=\"async\" width=\"16\" height=\"16\" alt=\"Loading\" src=\"https:\/\/qv-riedernrain.ch\/wp-content\/plugins\/page-views-count\/ajax-loader-2x.gif\" border=0 \/><\/p>\n<div class=\"pvc_clear\"><\/div>\n","protected":false},"excerpt":{"rendered":"<p>Geschichte des Quartiervereins Riedernrain Der Quartierverein Riedernrain ist am 3. Juni 1993 von Christian K\u00f6nig, Silvia K\u00f6nig, Andreas P\u00e4rli, J\u00fcrg Sch\u00e4r, Robert Wenger und Ulrich Zingg gegr\u00fcndet worden. Grund f\u00fcr die Gr\u00fcndung war die von der Stadt vorgesehene Umplatzierung der Extremalkoholiker vom Reitschulvorplatz nach Br\u00fcnnen. Leider war das Vereinsdasein nur von kurzer Dauer. Bereits im [&hellip;]<\/p>\n<div class=\"pvc_clear\"><\/div>\n<p id=\"pvc_stats_92\" class=\"pvc_stats all  \" data-element-id=\"92\" style=\"\"><i class=\"pvc-stats-icon small\" aria-hidden=\"true\"><svg xmlns=\"http:\/\/www.w3.org\/2000\/svg\" version=\"1.0\" viewBox=\"0 0 502 315\" preserveAspectRatio=\"xMidYMid meet\"><g transform=\"translate(0,332) scale(0.1,-0.1)\" fill=\"\" stroke=\"none\"><path d=\"M2394 3279 l-29 -30 -3 -207 c-2 -182 0 -211 15 -242 39 -76 157 -76 196 0 15 31 17 60 15 243 l-3 209 -33 29 c-26 23 -41 29 -80 29 -41 0 -53 -5 -78 -31z\"\/><path d=\"M3085 3251 c-45 -19 -58 -50 -96 -229 -47 -217 -49 -260 -13 -295 52 -53 146 -42 177 20 16 31 87 366 87 410 0 70 -86 122 -155 94z\"\/><path d=\"M1751 3234 c-13 -9 -29 -31 -37 -50 -12 -29 -10 -49 21 -204 19 -94 39 -189 45 -210 14 -50 54 -80 110 -80 34 0 48 6 76 34 21 21 34 44 34 59 0 14 -18 113 -40 219 -37 178 -43 195 -70 221 -36 32 -101 37 -139 11z\"\/><path d=\"M1163 3073 c-36 -7 -73 -59 -73 -102 0 -56 133 -378 171 -413 34 -32 83 -37 129 -13 70 36 67 87 -16 290 -86 209 -89 214 -129 231 -35 14 -42 15 -82 7z\"\/><path d=\"M3689 3066 c-15 -9 -33 -30 -42 -48 -48 -103 -147 -355 -147 -375 0 -98 131 -148 192 -74 13 15 57 108 97 206 80 196 84 226 37 273 -30 30 -99 39 -137 18z\"\/><path d=\"M583 2784 c-38 -19 -67 -74 -58 -113 9 -42 211 -354 242 -373 16 -10 45 -18 66 -18 51 0 107 52 107 100 0 39 -1 41 -124 234 -80 126 -108 162 -133 173 -41 17 -61 16 -100 -3z\"\/><path d=\"M4250 2784 c-14 -9 -74 -91 -133 -183 -95 -150 -107 -173 -107 -213 0 -55 33 -94 87 -104 67 -13 90 8 211 198 130 202 137 225 78 284 -27 27 -42 34 -72 34 -22 0 -50 -8 -64 -16z\"\/><path d=\"M2275 2693 c-553 -48 -1095 -270 -1585 -649 -135 -104 -459 -423 -483 -476 -23 -49 -22 -139 2 -186 73 -142 361 -457 571 -626 285 -228 642 -407 990 -497 242 -63 336 -73 660 -74 310 0 370 5 595 52 535 111 1045 392 1455 803 122 121 250 273 275 326 19 41 19 137 0 174 -41 79 -309 363 -465 492 -447 370 -946 591 -1479 653 -113 14 -422 18 -536 8z m395 -428 c171 -34 330 -124 456 -258 112 -119 167 -219 211 -378 27 -96 24 -300 -5 -401 -72 -255 -236 -447 -474 -557 -132 -62 -201 -76 -368 -76 -167 0 -236 14 -368 76 -213 98 -373 271 -451 485 -162 444 86 934 547 1084 153 49 292 57 452 25z m909 -232 c222 -123 408 -262 593 -441 76 -74 138 -139 138 -144 0 -16 -233 -242 -330 -319 -155 -123 -309 -223 -461 -299 l-81 -41 32 46 c18 26 49 83 70 128 143 306 141 649 -6 957 -25 52 -61 116 -79 142 l-34 47 45 -20 c26 -10 76 -36 113 -56z m-2057 25 c-40 -58 -105 -190 -130 -263 -110 -324 -59 -707 132 -981 25 -35 42 -64 37 -64 -19 0 -241 119 -326 174 -188 122 -406 314 -532 468 l-58 71 108 103 c185 178 428 349 672 473 66 33 121 60 123 61 2 0 -10 -19 -26 -42z\"\/><path d=\"M2375 1950 c-198 -44 -350 -190 -395 -379 -18 -76 -8 -221 19 -290 114 -284 457 -406 731 -260 98 52 188 154 231 260 27 69 37 214 19 290 -38 163 -166 304 -326 360 -67 23 -215 33 -279 19z\"\/><\/g><\/svg><\/i> <img decoding=\"async\" width=\"16\" height=\"16\" alt=\"Loading\" src=\"https:\/\/qv-riedernrain.ch\/wp-content\/plugins\/page-views-count\/ajax-loader-2x.gif\" border=0 \/><\/p>\n<div class=\"pvc_clear\"><\/div>\n","protected":false},"author":1,"featured_media":0,"parent":0,"menu_order":0,"comment_status":"closed","ping_status":"closed","template":"","meta":{"_crdt_document":"","ngg_post_thumbnail":0,"footnotes":""},"class_list":["post-92","page","type-page","status-publish","hentry"],"a3_pvc":{"activated":true,"total_views":1733,"today_views":0},"_links":{"self":[{"href":"https:\/\/qv-riedernrain.ch\/index.php\/wp-json\/wp\/v2\/pages\/92","targetHints":{"allow":["GET"]}}],"collection":[{"href":"https:\/\/qv-riedernrain.ch\/index.php\/wp-json\/wp\/v2\/pages"}],"about":[{"href":"https:\/\/qv-riedernrain.ch\/index.php\/wp-json\/wp\/v2\/types\/page"}],"author":[{"embeddable":true,"href":"https:\/\/qv-riedernrain.ch\/index.php\/wp-json\/wp\/v2\/users\/1"}],"replies":[{"embeddable":true,"href":"https:\/\/qv-riedernrain.ch\/index.php\/wp-json\/wp\/v2\/comments?post=92"}],"version-history":[{"count":2,"href":"https:\/\/qv-riedernrain.ch\/index.php\/wp-json\/wp\/v2\/pages\/92\/revisions"}],"predecessor-version":[{"id":375,"href":"https:\/\/qv-riedernrain.ch\/index.php\/wp-json\/wp\/v2\/pages\/92\/revisions\/375"}],"wp:attachment":[{"href":"https:\/\/qv-riedernrain.ch\/index.php\/wp-json\/wp\/v2\/media?parent=92"}],"curies":[{"name":"wp","href":"https:\/\/api.w.org\/{rel}","templated":true}]}}